{"id":214,"date":"2025-06-16T10:20:38","date_gmt":"2025-06-16T08:20:38","guid":{"rendered":"https:\/\/alpinebikeszermatt.ch\/data-protection\/"},"modified":"2025-06-16T10:20:38","modified_gmt":"2025-06-16T08:20:38","slug":"data-protection","status":"publish","type":"page","link":"https:\/\/alpinebikeszermatt.ch\/en\/data-protection\/","title":{"rendered":"Data protection"},"content":{"rendered":"\n<h2 class=\"wp-block-heading\">Qui sommes-nous ?<\/h2>\n\n\n<p><strong class=\"privacy-policy-tutorial\">Text sugg\u00e9r\u00e9 : <\/strong>L&#8217;adresse de notre site est : http:\/\/localhost\/AlpineBikeZermatt.<\/p>\n\n\n<h2 class=\"wp-block-heading\">Commentaires<\/h2>\n\n\n<p><strong class=\"privacy-policy-tutorial\">Text sugg\u00e9r\u00e9 : <\/strong>Quand vous laissez un commentaire sur notre site, les donn\u00e9es inscrites dans le formulaire de commentaire, ainsi que votre adresse IP et l&#8217;agent utilisateur de votre navigateur sont collect\u00e9s pour nous aider \u00e0 la d\u00e9tection des commentaires ind\u00e9sirables.<\/p>\n\n\n<p>An anonymous chat created from your e-mail address (also known as a hash) can be sent to the Gravatar service to check if you are using it. Les clauses de confidentialit\u00e9 du service Gravatar sont disponibles ici : https:\/\/automattic.com\/privacy\/. After validation of your comment, your photo de profil sera visible publiquement \u00e0 cot\u00e9 de votre commentaire. <\/p>\n\n\n<h2 class=\"wp-block-heading\">M\u00e9dias<\/h2>\n\n\n<p><strong class=\"privacy-policy-tutorial\">Text sugg\u00e9r\u00e9 : <\/strong>Si vous t\u00e9l\u00e9versez des images sur le site, nous vous conseillons d&#8217;\u00e9viter de t\u00e9l\u00e9verser des images contenant des donn\u00e9es EXIF de coordonn\u00e9es GPS. People visiting your site will be able to download and extract localization data from these images. <\/p>\n\n\n<h2 class=\"wp-block-heading\">Cookies<\/h2>\n\n\n<p><strong class=\"privacy-policy-tutorial\">Text sugg\u00e9r\u00e9 : <\/strong>Si vous d\u00e9posez un commentaire sur notre site, il vous sera propos\u00e9 d&#8217;enregistrer votre nom, adresse e-mail et site dans des cookies. This is only for your convenience so that you do not have to save this information if you leave another comment later. These cookies expire after one year.  <\/p>\n\n\n<p>When you visit the connection page, a temporary cookie is created to determine whether your browser accepts the cookies. It does not contain any personal data and will be automatically deleted when you close your browser. <\/p>\n\n\n<p>When you connect, we place a certain number of cookies to register your connection information and your screen preferences. The lifespan of a connection cookie is two years and that of a browser option cookie is one year. If you select \u201cRemember me\u201d, your connection cookie will be stored for two weeks. If you disconnect from your account, the connection cookie will be deleted.   <\/p>\n\n\n<p>En modifiant ou en publiant une publication, un cookie suppl\u00e9mentaire sera enregistr\u00e9 dans votre navigateur. Ce cookie comprend ne aucune donn\u00e9e personnelle. It simply indicates the ID of the publication you are about to modify. It expires after one hour.   <\/p>\n\n\n<h2 class=\"wp-block-heading\">Contenu embarqu\u00e9 depuis d&#8217;autres sites<\/h2>\n\n\n<p><strong class=\"privacy-policy-tutorial\">Texte sugg\u00e9r\u00e9 : <\/strong>Les articles de ce site peuvent inclure des contenus int\u00e9gr\u00e9s (par exemple des vid\u00e9os, images, articles&#8230;). The content integrated from other sites is compiled in the same way as if the visitor were on this other site. <\/p>\n\n\n<p>These websites may collect data about you, use cookies, embed third-party tools and monitor your interactions with these embedded contents if you have an account connected to their website.<\/p>\n\n\n<h2 class=\"wp-block-heading\">Utilization and transmission of your personal data<\/h2>\n\n\n<p><strong class=\"privacy-policy-tutorial\">Text sugg\u00e9r\u00e9 : <\/strong>Si vous demandez une r\u00e9initialisation de votre mot de passe, votre adresse IP sera incluse dans l&#8217;e-mail de r\u00e9initialisation.<\/p>\n\n\n<h2 class=\"wp-block-heading\">Dur\u00e9es de stockage de vos donn\u00e9es<\/h2>\n\n\n<p><strong class=\"privacy-policy-tutorial\">Text sugg\u00e9r\u00e9 : <\/strong>If you leave a comment, the comment and its metadonn\u00e9es are preserved indefinitely. This allows you to automatically check and approve the following comments instead of leaving them in the modification file. <\/p>\n\n\n<p>For the comptes who register on our site (if applicable), we also store the personal data indicated in their profile. Tous les comptes peuvent voir, modifier ou supprimer leurs informations personnelles \u00e0 tout moment (\u00e0 l&#8217;exception de leur identifiant). Les gestionnaires du site peuvent aussi voir et modifier ces informations.  <\/p>\n\n\n<h2 class=\"wp-block-heading\">Les droits que vous avez sur vos donn\u00e9es<\/h2>\n\n\n<p><strong class=\"privacy-policy-tutorial\">Text sugg\u00e9r\u00e9 : <\/strong>Si vous avez un compte ou si vous avez laiss\u00e9 des commentaires sur le site, vous pouvez demander \u00e0 recevoir un fichier contenant toutes les donn\u00e9es personnelles que nous poss\u00e9dons \u00e0 votre sujet, incluant celles que vous nous avez fournies. You may also request the suppression of the personal data concerning you. This does not take into account data stored for administrative, legal or security purposes.  <\/p>\n\n\n<h2 class=\"wp-block-heading\">O\u00f9 vos donn\u00e9es sont envoy\u00e9es<\/h2>\n\n\n<p><strong class=\"privacy-policy-tutorial\">Text sugg\u00e9r\u00e9 : <\/strong>Les commentaires des visiteurs peuvent \u00eatre v\u00e9rifi\u00e9s \u00e0 l&#8217;aide d&#8217;un service automatis\u00e9 de d\u00e9tection des commentaires ind\u00e9sirables.<\/p>\n\n","protected":false},"excerpt":{"rendered":"<p>Qui sommes-nous ? Text sugg\u00e9r\u00e9 : L&#8217;adresse de notre site est : http:\/\/localhost\/AlpineBikeZermatt. Commentaires Text sugg\u00e9r\u00e9 : Quand vous laissez un commentaire sur notre site, les donn\u00e9es inscrites dans le formulaire de commentaire, ainsi que votre adresse IP et l&#8217;agent utilisateur de votre navigateur sont collect\u00e9s pour nous aider \u00e0 la d\u00e9tection des commentaires ind\u00e9sirables. [&hellip;]<\/p>\n","protected":false},"author":1,"featured_media":0,"parent":0,"menu_order":19,"comment_status":"closed","ping_status":"open","template":"","meta":{"_acf_changed":false},"class_list":["post-214","page","type-page","status-publish","hentry"],"acf":[],"_links":{"self":[{"href":"https:\/\/alpinebikeszermatt.ch\/en\/wp-json\/wp\/v2\/pages\/214","targetHints":{"allow":["GET"]}}],"collection":[{"href":"https:\/\/alpinebikeszermatt.ch\/en\/wp-json\/wp\/v2\/pages"}],"about":[{"href":"https:\/\/alpinebikeszermatt.ch\/en\/wp-json\/wp\/v2\/types\/page"}],"author":[{"embeddable":true,"href":"https:\/\/alpinebikeszermatt.ch\/en\/wp-json\/wp\/v2\/users\/1"}],"replies":[{"embeddable":true,"href":"https:\/\/alpinebikeszermatt.ch\/en\/wp-json\/wp\/v2\/comments?post=214"}],"version-history":[{"count":0,"href":"https:\/\/alpinebikeszermatt.ch\/en\/wp-json\/wp\/v2\/pages\/214\/revisions"}],"wp:attachment":[{"href":"https:\/\/alpinebikeszermatt.ch\/en\/wp-json\/wp\/v2\/media?parent=214"}],"curies":[{"name":"wp","href":"https:\/\/api.w.org\/{rel}","templated":true}]}}